{"id":24,"date":"2023-01-23T06:53:03","date_gmt":"2023-01-23T06:53:03","guid":{"rendered":"https:\/\/gridup.com\/?page_id=24"},"modified":"2025-10-23T05:30:43","modified_gmt":"2025-10-23T05:30:43","slug":"projects-co-funded-by-eu","status":"publish","type":"page","link":"https:\/\/gridup.com\/?page_id=24","title":{"rendered":"Projects co-funded by EU"},"content":{"rendered":"\n<div style=\"height:21px\" aria-hidden=\"true\" class=\"wp-block-spacer\"><\/div>\n\n\n\n<figure class=\"wp-block-image size-large\"><img loading=\"lazy\" decoding=\"async\" width=\"1024\" height=\"223\" src=\"https:\/\/gridup.com\/wp-content\/uploads\/2024\/05\/LT-Bendrai-finansuoja-Europos-Sajunga_POS-1024x223.jpg\" alt=\"\" class=\"wp-image-435\" srcset=\"https:\/\/gridup.com\/wp-content\/uploads\/2024\/05\/LT-Bendrai-finansuoja-Europos-Sajunga_POS-1024x223.jpg 1024w, https:\/\/gridup.com\/wp-content\/uploads\/2024\/05\/LT-Bendrai-finansuoja-Europos-Sajunga_POS-300x65.jpg 300w, https:\/\/gridup.com\/wp-content\/uploads\/2024\/05\/LT-Bendrai-finansuoja-Europos-Sajunga_POS-768x167.jpg 768w, https:\/\/gridup.com\/wp-content\/uploads\/2024\/05\/LT-Bendrai-finansuoja-Europos-Sajunga_POS-1536x334.jpg 1536w, https:\/\/gridup.com\/wp-content\/uploads\/2024\/05\/LT-Bendrai-finansuoja-Europos-Sajunga_POS-2048x445.jpg 2048w\" sizes=\"auto, (max-width: 1024px) 100vw, 1024px\" \/><\/figure>\n\n\n\n<div style=\"height:21px\" aria-hidden=\"true\" class=\"wp-block-spacer\"><\/div>\n\n\n\n<p class=\"has-text-align-center\"><strong>\u012eGYVENDINAMAS PROJEKTAS \u201cLIETUVI\u0160KOS PRODUKCIJOS EKSPORTO SKATINIMAS DALYVAUJANT PARODOSE IR SERTIFIKUOJANT APV PRODUKCIJ\u0104\u201d<\/strong><\/p>\n\n\n<p style=\"text-align: justify;\">2024 m. baland\u017eio 9 d. UAB \u201cGridup\u201d ir Vie\u0161oji \u012fstaiga Inovacij\u0173 agent\u016bra pasira\u0161\u0117 projekto <strong>\u201eLietuvi\u0161kos produkcijos eksporto skatinimas dalyvaujant parodose ir sertifikuojant APV Produkcij\u0105\u201c<\/strong>\u00a0(Nr. 02-037-K-0010) sutart\u012f, pagal kuri\u0105 \u012fgyvendina projekt\u0105 pagal bendrai finansuojam\u0105 2022-2030 met\u0173 pl\u0117tros programos valdytojos Lietuvos Respublikos ekonomikos ir inovacij\u0173 ministerijos ekonomikos transformacijos ir konkurencingumo pl\u0117tros programos pa\u017eangos priemon\u0117s Nr.05-001-01-11-04 \u201e\u012egyvendinti eksporto konkurencingumo augim\u0105 skatinan\u010dias priemones\u201c veiklos \u201eMV\u012e auk\u0161tos prid\u0117tin\u0117s vert\u0117s produkt\u0173 ir paslaug\u0173 sertifikavimo ir pristatymo u\u017esienio rinkose skatinimas (Sostin\u0117s regionas)\u201c program\u0105.<\/p>\n<p style=\"text-align: justify;\"><strong>Projekto tikslas<\/strong>\u00a0\u2013 UAB &#8220;Gridup&#8221; konkurencingumo, tarptauti\u0161kumo ir \u017einomumo didinimas dalyvaujant tarptautin\u0117se parodose, pad\u0117sian\u010diose u\u017emegzti finansi\u0161kai naudingus ry\u0161ius su potencialiais partneriais ir klientais bei auk\u0161tos prid\u0117tin\u0117s vert\u0117s produkcijos sertifikavimas.<\/p>\n<p style=\"text-align: justify;\"><strong>Projektu sprend\u017eiamos problemos<\/strong> \u2013 Siekiant s\u0117kmingo savo gaminamos produkcijos eksporto proceso ir teigiam\u0173 finansini\u0173 rezultat\u0173, b\u016btinos investicijos \u012f savo prek\u0117s \u017eenklo, vardo, gaminamos produkcijos vie\u0161inim\u0105, pristatym\u0105 potencialioms rinkoms ir, svarbiausia, u\u017etikrinim\u0105, kad parduodama produkcija tur\u0117t\u0173 visus reikalingus saugumo sertifikatus, kurie u\u017etikrint\u0173 gamini\u0173 kokyb\u0119 ir galimyb\u0119 juos saugiau transportuoti. Projekto metu, panaudodama dalin\u012f finansavim\u0105, \u012fmon\u0117 tur\u0117s galimyb\u0119 savo produkcij\u0105 pristatyti platesnei specializuotai auditorijai, dalyvaudama tarptautin\u0117se parodose, taip pat atlikti visus reikalingus sertifikavimo procesus, gauti reikiamus sertifikatus parduodamai produkcijai, kurie u\u017etikrins parduodamos produkcijos kokyb\u0119 ir pad\u0117s reprezentuoti \u0161al\u012f kaip kokybi\u0161kos produkcijos gamintoj\u0105 ir platintoj\u0105.<\/p>\n<p style=\"text-align: justify;\"><strong>Projekto veikla<\/strong>\u00a0\u2013 \u00a0Sudalyvauti ir pristatyti savo produkcij\u0105 tarptautin\u0117se parodose, sertifikuoti APV produkcij\u0105.<\/p>\n<p style=\"text-align: justify;\"><strong>Bendra projekto vert\u0117<\/strong> \u2013 <span class=\"ui-provider a b c d e f g h i j k l m n o p q r s t u v w x y z ab ac ae af ag ah ai aj ak\" dir=\"ltr\"><strong>167 905,00\u00a0 <\/strong><\/span>Eur, i\u0161 j\u0173: ES finansavimas \u2013 83 544,50 Eur.<\/p>\n<p style=\"text-align: justify;\"><strong>Projekto veikl\u0173 prad\u017eios data<\/strong> \u2013 2024-04-09<\/p>\n<p style=\"text-align: justify;\"><strong>Projekto veikl\u0173 pabaigos data<\/strong> \u2013 2026-06-30<\/p>\n<p style=\"text-align: justify;\"><strong>Projektas finansuojamas<\/strong> i\u0161 Europos regionin\u0117s pl\u0117tros fondo.<\/p>\n\n\n<p><\/p>\n\n\n\n<hr class=\"wp-block-separator has-alpha-channel-opacity\"\/>\n\n\n\n<div class=\"wp-block-columns is-layout-flex wp-container-core-columns-is-layout-9d6595d7 wp-block-columns-is-layout-flex\">\n<div class=\"wp-block-column is-layout-flow wp-block-column-is-layout-flow\">\n<div style=\"height:1px\" aria-hidden=\"true\" class=\"wp-block-spacer\"><\/div>\n\n\n\n<div style=\"height:23px\" aria-hidden=\"true\" class=\"wp-block-spacer\"><\/div>\n\n\n\n<h2 class=\"wp-block-heading\">UAB \u201eEnergus Power Solutions\u201c \u012fgyvendina ES l\u0117\u0161omis dalinai finansuojam\u0105 projekt\u0105<\/h2>\n<\/div>\n\n\n\n<div class=\"wp-block-column is-vertically-aligned-center is-layout-flow wp-block-column-is-layout-flow\">\n<figure class=\"wp-block-gallery has-nested-images columns-default is-cropped wp-block-gallery-1 is-layout-flex wp-block-gallery-is-layout-flex\">\n<figure class=\"wp-block-image size-large is-style-default\"><img loading=\"lazy\" decoding=\"async\" width=\"1024\" height=\"512\" data-id=\"49\" src=\"https:\/\/gridup.com\/wp-content\/uploads\/2023\/01\/ESFIVP-1024x512.png\" alt=\"\" class=\"wp-image-49\" srcset=\"https:\/\/gridup.com\/wp-content\/uploads\/2023\/01\/ESFIVP-1024x512.png 1024w, https:\/\/gridup.com\/wp-content\/uploads\/2023\/01\/ESFIVP-300x150.png 300w, https:\/\/gridup.com\/wp-content\/uploads\/2023\/01\/ESFIVP-768x384.png 768w, https:\/\/gridup.com\/wp-content\/uploads\/2023\/01\/ESFIVP-1536x768.png 1536w, https:\/\/gridup.com\/wp-content\/uploads\/2023\/01\/ESFIVP-2048x1024.png 2048w\" sizes=\"auto, (max-width: 1024px) 100vw, 1024px\" \/><\/figure>\n<\/figure>\n<\/div>\n<\/div>\n\n\n\n<h3 class=\"wp-block-heading\">\u201cI\u0161mani modulin\u0117 elektros energijos kaupimo sistema\u201d<\/h3>\n\n\n<p style=\"text-align: justify;\">UAB ,,Energus Power Solutions\u201c (toliau \u2013 ENERGUSPS) u\u017esiima elektros kaupimo, skirstymo ir valdymo \u012frangos gamyba, prekyba bei teikia konsultavimo paslaugas. \u012emon\u0117s tikslas &#8211; b\u016bti inovatyvia ir kokybi\u0161kus produktus bei paslaugas si\u016blan\u010dia pasaulin\u0117s reik\u0161m\u0117s \u012fmone. \u012emon\u0117s vizija yra \u017eymus rinkos dalies u\u017e\u0117mimas energijos kaupimo sprendim\u0173 srityje, specialios paskirties produkt\u0173 ni\u0161oje. \u0160io projekto pagalba \u012fmon\u0117 siekia sukurti du naujus ir inovatyvius produktus:<\/p>\n<p style=\"text-align: justify;\">1. I\u0161mani\u0105 modulin\u0119 elektros energijos kaupimo sistem\u0105 (IMEEKS) (1 Produktas).<br \/>2. Nenutr\u016bkstamo veikimo\u00a0 garantijos (angl. 100 % uptime warranty) paslaug\u0105 (2 Produktas).<br \/>Projekte bus vykdomi tyrimai naudojant ma\u0161ininio mokymosi metodus, atliekamas \u0161ilumini\u0173 sraut\u0173 modeliavimas. Naudojant \u0161i\u0173 tyrim\u0173 rezultatus visuose produkto k\u016brimo etapuose, bus sukurtas 1 Produktas,\u00a0 maksimaliai i\u0161naudojantis pramoniniu b\u016bdu gaminam\u0173 li\u010dio jon\u0173 celi\u0173 savybes. 2 Produkte bus naudojamas dirbtinis intelektas, galintis i\u0161 anksto numatyti nusid\u0117v\u0117jimo dat\u0105 bei b\u016bsimus gedimus, kas leis suteikti darbo be sutrikim\u0173 garantij\u0105 ir toliau gilinti \u017einias net projektui pasibaigus. Tai vartotojui suteiks galimyb\u0119 gauti paslaug\u0105, kuri yra unikali pasaulio mastu, nes suteiks galimyb\u0119 tiek garantiniu laikotarpiu, tiek pogarantiniu laikotarpiu nenutr\u016bkstamai naudoti energijos kaupimo sistem\u0105.<\/p>\n<p style=\"text-align: justify;\">UAB \u201eEnergus Power Solutions\u201c projektas \u012fgyvendinamas pagal 2014\u20132020 met\u0173 Europos S\u0105jungos fond\u0173 investicij\u0173 veiksm\u0173 programos 1 prioriteto \u201eMokslini\u0173 tyrim\u0173, eksperimentin\u0117s pl\u0117tros ir inovacij\u0173 skatinimas\u201c Nr. J05-LVPA-K\u00a0 priemon\u0119 \u201eIntelektas. Bendri mokslo\u2013verslo projektai\u201c projekto numeris J05-LVPA-K-03-0108. Priemon\u0117s tikslas \u2013 paskatinti \u0161alies \u012fmones investuoti \u012f inovaciniams gaminiams, paslaugoms ar procesams kurti reikalingus mtep, taip pat paskatinti \u012fmoni\u0173 pl\u0117tr\u0105 ir nauj\u0173 inovacini\u0173 \u012fmoni\u0173 steigim\u0105si investuojant \u012f mtep ir inovacij\u0173 infrastrukt\u016bros k\u016brim\u0105 ir pl\u0117tr\u0105.<\/p>\n<p style=\"text-align: justify;\">UAB \u201eEnergus Power Solutions\u201c \u012fgyvendinamo projekto tikslas \u2013 padidinti Energus Power Solutions inovacin\u012f potencial\u0105, vykdant mokslinius tyrimus ir kuriant naujus produktus sumanios specializacijos srityje.<\/p>\n<p style=\"text-align: justify;\">Projektui \u012fgyvendinti i\u0161 Europos regionin\u0117s pl\u0117tros fondo skirta 1 249 902,76 EUR.<\/p>\n<p style=\"text-align: justify;\">Projekto \u012fgyvendinimo trukm\u0117 36 m\u0117nesiai.<\/p>\n\n\n<p><\/p>\n","protected":false},"excerpt":{"rendered":"<p>\u012eGYVENDINAMAS PROJEKTAS \u201cLIETUVI\u0160KOS PRODUKCIJOS EKSPORTO SKATINIMAS DALYVAUJANT PARODOSE IR SERTIFIKUOJANT APV PRODUKCIJ\u0104\u201d 2024 m. baland\u017eio 9 d. UAB \u201cGridup\u201d ir Vie\u0161oji \u012fstaiga Inovacij\u0173 agent\u016bra pasira\u0161\u0117 projekto \u201eLietuvi\u0161kos produkcijos eksporto skatinimas dalyvaujant parodose ir sertifikuojant APV Produkcij\u0105\u201c\u00a0(Nr. 02-037-K-0010) sutart\u012f, pagal kuri\u0105 \u012fgyvendina projekt\u0105 pagal bendrai finansuojam\u0105 2022-2030 met\u0173 pl\u0117tros programos valdytojos Lietuvos Respublikos ekonomikos ir inovacij\u0173&hellip;&nbsp;<a href=\"https:\/\/gridup.com\/?page_id=24\" class=\"\" rel=\"bookmark\">Read More &raquo;<span class=\"screen-reader-text\">Projects co-funded by EU<\/span><\/a><\/p>\n","protected":false},"author":1,"featured_media":0,"parent":0,"menu_order":0,"comment_status":"closed","ping_status":"closed","template":"","meta":{"_uag_custom_page_level_css":"","neve_meta_sidebar":"full-width","neve_meta_container":"default","neve_meta_enable_content_width":"","neve_meta_content_width":70,"neve_meta_title_alignment":"center","neve_meta_author_avatar":"","neve_post_elements_order":"","neve_meta_disable_header":"off","neve_meta_disable_footer":"","neve_meta_disable_title":"on","footnotes":""},"class_list":["post-24","page","type-page","status-publish","hentry"],"uagb_featured_image_src":{"full":false,"thumbnail":false,"medium":false,"medium_large":false,"large":false,"1536x1536":false,"2048x2048":false,"neve-blog":false},"uagb_author_info":{"display_name":"user","author_link":"https:\/\/gridup.com\/?author=1"},"uagb_comment_info":0,"uagb_excerpt":"\u012eGYVENDINAMAS PROJEKTAS \u201cLIETUVI\u0160KOS PRODUKCIJOS EKSPORTO SKATINIMAS DALYVAUJANT PARODOSE IR SERTIFIKUOJANT APV PRODUKCIJ\u0104\u201d 2024 m. baland\u017eio 9 d. UAB \u201cGridup\u201d ir Vie\u0161oji \u012fstaiga Inovacij\u0173 agent\u016bra pasira\u0161\u0117 projekto \u201eLietuvi\u0161kos produkcijos eksporto skatinimas dalyvaujant parodose ir sertifikuojant APV Produkcij\u0105\u201c\u00a0(Nr. 02-037-K-0010) sutart\u012f, pagal kuri\u0105 \u012fgyvendina projekt\u0105 pagal bendrai finansuojam\u0105 2022-2030 met\u0173 pl\u0117tros programos valdytojos Lietuvos Respublikos ekonomikos ir inovacij\u0173&hellip;&nbsp;Read&hellip;","_links":{"self":[{"href":"https:\/\/gridup.com\/index.php?rest_route=\/wp\/v2\/pages\/24","targetHints":{"allow":["GET"]}}],"collection":[{"href":"https:\/\/gridup.com\/index.php?rest_route=\/wp\/v2\/pages"}],"about":[{"href":"https:\/\/gridup.com\/index.php?rest_route=\/wp\/v2\/types\/page"}],"author":[{"embeddable":true,"href":"https:\/\/gridup.com\/index.php?rest_route=\/wp\/v2\/users\/1"}],"replies":[{"embeddable":true,"href":"https:\/\/gridup.com\/index.php?rest_route=%2Fwp%2Fv2%2Fcomments&post=24"}],"version-history":[{"count":21,"href":"https:\/\/gridup.com\/index.php?rest_route=\/wp\/v2\/pages\/24\/revisions"}],"predecessor-version":[{"id":510,"href":"https:\/\/gridup.com\/index.php?rest_route=\/wp\/v2\/pages\/24\/revisions\/510"}],"wp:attachment":[{"href":"https:\/\/gridup.com\/index.php?rest_route=%2Fwp%2Fv2%2Fmedia&parent=24"}],"curies":[{"name":"wp","href":"https:\/\/api.w.org\/{rel}","templated":true}]}}